{"id":525,"date":"2019-12-23T22:21:13","date_gmt":"2019-12-24T01:21:13","guid":{"rendered":"http:\/\/greenoperations.com.br\/greenblog\/?page_id=525"},"modified":"2020-08-26T20:13:49","modified_gmt":"2020-08-26T23:13:49","slug":"cursos-on-line","status":"publish","type":"page","link":"https:\/\/greenoperations.com.br\/greenblog\/index.php\/cursos-on-line\/","title":{"rendered":"Cursos Online | Online Courses"},"content":{"rendered":"<p><img decoding=\"async\" loading=\"lazy\" class=\"size-medium wp-image-532 alignleft\" src=\"http:\/\/greenoperations.com.br\/greenblog\/wp-content\/uploads\/2019\/12\/Captura-de-Tela-2019-12-23-a\u0300s-22.29.26-300x172.png\" alt=\"\" width=\"300\" height=\"172\" srcset=\"https:\/\/greenoperations.com.br\/greenblog\/wp-content\/uploads\/2019\/12\/Captura-de-Tela-2019-12-23-a\u0300s-22.29.26-300x172.png 300w, https:\/\/greenoperations.com.br\/greenblog\/wp-content\/uploads\/2019\/12\/Captura-de-Tela-2019-12-23-a\u0300s-22.29.26.png 513w\" sizes=\"(max-width: 300px) 100vw, 300px\" \/><strong>Curso MacOS B\u00e1sico ao Intermedi\u00e1rio:<\/strong><br \/>\nAprenda a extrair o m\u00e1ximo do seu computador Apple com o novo sistema: Mac OS Catalina.<br \/>\nCurso com certificado de conclus\u00e3o<br \/>\nIdioma: Portugu\u00eas<br \/>\nAmbiente de Estudo: <strong><a href=\"https:\/\/www.udemy.com\/course\/mac-os-basico-ao-intermediario-catalina\/?referralCode=3961ADC845629575F96D\" target=\"_blank\" rel=\"noopener noreferrer\">Acessar Curso<\/a><\/strong><\/p>\n<p>&nbsp;<\/p>\n<p><img decoding=\"async\" loading=\"lazy\" class=\"size-medium wp-image-531 alignleft\" src=\"http:\/\/greenoperations.com.br\/greenblog\/wp-content\/uploads\/2019\/12\/Captura-de-Tela-2019-12-23-a\u0300s-22.28.45-300x171.png\" alt=\"\" width=\"300\" height=\"171\" srcset=\"https:\/\/greenoperations.com.br\/greenblog\/wp-content\/uploads\/2019\/12\/Captura-de-Tela-2019-12-23-a\u0300s-22.28.45-300x171.png 300w, https:\/\/greenoperations.com.br\/greenblog\/wp-content\/uploads\/2019\/12\/Captura-de-Tela-2019-12-23-a\u0300s-22.28.45.png 510w\" sizes=\"(max-width: 300px) 100vw, 300px\" \/><strong>Curso Oracle VM VirtualBox Avan\u00e7ado:<br \/>\n<\/strong>Aprenda operar o VirtualBox profissionalmente, incluindo linha de comando do VirtualBox e integra\u00e7\u00e3o com Vagrant.<br \/>\nCurso com certificado de conclus\u00e3o<br \/>\nIdioma: Portugu\u00eas<br \/>\nAmbiente de Estudo: <strong><a href=\"https:\/\/www.udemy.com\/course\/virtualizacao-com-oracle-virtualbox-basico-ao-avancado\/?referralCode=411137753F6FF85F73FE\" target=\"_blank\" rel=\"noopener noreferrer\">Acessar Curso<\/a><\/strong><\/p>\n<p>&nbsp;<\/p>\n<p><img decoding=\"async\" loading=\"lazy\" class=\"size-medium wp-image-530 alignleft\" src=\"http:\/\/greenoperations.com.br\/greenblog\/wp-content\/uploads\/2019\/12\/Captura-de-Tela-2019-12-23-a\u0300s-22.26.26-300x172.png\" alt=\"\" width=\"300\" height=\"172\" srcset=\"https:\/\/greenoperations.com.br\/greenblog\/wp-content\/uploads\/2019\/12\/Captura-de-Tela-2019-12-23-a\u0300s-22.26.26-300x172.png 300w, https:\/\/greenoperations.com.br\/greenblog\/wp-content\/uploads\/2019\/12\/Captura-de-Tela-2019-12-23-a\u0300s-22.26.26.png 501w\" sizes=\"(max-width: 300px) 100vw, 300px\" \/>Online Course:<br \/>\n<strong>Virtualization on Oracle VirtualBox &#8211; Advanced<br \/>\n<\/strong>Learn how to operate VirtualBox and get the most out of this powerful tool.<br \/>\nCourse with a certificate of completion<br \/>\nLanguage: English<br \/>\nStudy environment: <a href=\"https:\/\/www.udemy.com\/course\/virtualization-on-oracle-virtualbox-basic-to-advanced\/?referralCode=F85507833BDDD7FBD10C\" target=\"_blank\" rel=\"noopener noreferrer\"><strong>Access Course<\/strong><\/a><\/p>\n<p>&nbsp;<\/p>\n<p><img decoding=\"async\" loading=\"lazy\" class=\"alignleft size-medium wp-image-610\" src=\"http:\/\/greenoperations.com.br\/greenblog\/wp-content\/uploads\/2020\/08\/ss-300x169.jpg\" alt=\"\" width=\"300\" height=\"169\" srcset=\"https:\/\/greenoperations.com.br\/greenblog\/wp-content\/uploads\/2020\/08\/ss-300x169.jpg 300w, https:\/\/greenoperations.com.br\/greenblog\/wp-content\/uploads\/2020\/08\/ss.jpg 750w\" sizes=\"(max-width: 300px) 100vw, 300px\" \/><\/p>\n<h5><strong>Curso Dominando o Windows Server 2019 &#8211; Instala\u00e7\u00e3o e configura\u00e7\u00e3o<\/strong><\/h5>\n<h5>Guia para profissionais de TI, para instala\u00e7\u00e3o e configura\u00e7\u00e3o de infraestrutura e gerenciamento com Windows Server 2019.<\/h5>\n<p>Idioma: Portugu\u00eas<br \/>\nAmbiente de Estudo: <a href=\"https:\/\/www.udemy.com\/course\/dominando-o-windows-server-2019-instalacao-e-configuracao\/\" target=\"_blank\" rel=\"noopener noreferrer\">Acessar Curso<\/a><\/p>\n","protected":false},"excerpt":{"rendered":"<p>Curso MacOS B\u00e1sico ao Intermedi\u00e1rio: Aprenda a extrair o m\u00e1ximo do seu computador Apple com o novo sistema: Mac OS Catalina. Curso com certificado de conclus\u00e3o Idioma: Portugu\u00eas Ambiente de Estudo: Acessar Curso &nbsp; Curso Oracle VM VirtualBox Avan\u00e7ado: Aprenda operar o VirtualBox profissionalmente, incluindo linha de comando do VirtualBox e integra\u00e7\u00e3o com Vagrant. Curso [&hellip;]<\/p>\n","protected":false},"author":1,"featured_media":0,"parent":0,"menu_order":0,"comment_status":"closed","ping_status":"closed","template":"","meta":{"footnotes":""},"aioseo_notices":[],"_links":{"self":[{"href":"https:\/\/greenoperations.com.br\/greenblog\/index.php\/wp-json\/wp\/v2\/pages\/525"}],"collection":[{"href":"https:\/\/greenoperations.com.br\/greenblog\/index.php\/wp-json\/wp\/v2\/pages"}],"about":[{"href":"https:\/\/greenoperations.com.br\/greenblog\/index.php\/wp-json\/wp\/v2\/types\/page"}],"author":[{"embeddable":true,"href":"https:\/\/greenoperations.com.br\/greenblog\/index.php\/wp-json\/wp\/v2\/users\/1"}],"replies":[{"embeddable":true,"href":"https:\/\/greenoperations.com.br\/greenblog\/index.php\/wp-json\/wp\/v2\/comments?post=525"}],"version-history":[{"count":9,"href":"https:\/\/greenoperations.com.br\/greenblog\/index.php\/wp-json\/wp\/v2\/pages\/525\/revisions"}],"predecessor-version":[{"id":611,"href":"https:\/\/greenoperations.com.br\/greenblog\/index.php\/wp-json\/wp\/v2\/pages\/525\/revisions\/611"}],"wp:attachment":[{"href":"https:\/\/greenoperations.com.br\/greenblog\/index.php\/wp-json\/wp\/v2\/media?parent=525"}],"curies":[{"name":"wp","href":"https:\/\/api.w.org\/{rel}","templated":true}]}}