{"id":22,"date":"2018-11-13T13:17:03","date_gmt":"2018-11-13T15:17:03","guid":{"rendered":"http:\/\/greenoperations.com.br\/greenblog\/?page_id=22"},"modified":"2020-07-13T22:48:52","modified_gmt":"2020-07-14T01:48:52","slug":"sobre","status":"publish","type":"page","link":"https:\/\/greenoperations.com.br\/greenblog\/index.php\/sobre\/","title":{"rendered":"Sobre"},"content":{"rendered":"<p style=\"text-align: justify;\">O <strong>&#8220;GreenIT Blog&#8221;<\/strong> surgiu da necessidade de disseminar conhecimentos e trocar ideias sobre tecnologia da informa\u00e7\u00e3o para empresas, profissionais de TI e entusiastas, assim a cultura de uma TI organizada, limpa, funcional e sobretudo sustent\u00e1vel, n\u00e3o se torna algo indigest\u00edvel ou distante, o conhecimento \u00e9 o nosso maior bem e ele s\u00f3 aumenta quando o doamos. \ud83d\ude09 Tenho tamb\u00e9m a honra de apresentar de maneira indireta ferramentas e t\u00e9cnicas que fazem parte do rol de atividades e pr\u00e1ticas que geram valores aos clientes da <strong><a href=\"http:\/\/www.greenoperations.com.br\">Green Operations IT<\/a>\u00a0<\/strong>(que mant\u00e9m e incentiva este blog). <em>Voc\u00ea tamb\u00e9m pode colaborar com esse projeto: para enviar cr\u00edticas, sugest\u00f5es, ideias e outras mensagens clique <a href=\"http:\/\/104.207.148.242\/servicosweb.info\/contato\">aqui<\/a>.<\/em><\/p>\n<p>&nbsp;<\/p>\n<p style=\"text-align: justify;\"><strong>Sobre o Editor<\/strong><\/p>\n<p style=\"text-align: justify;\"><img decoding=\"async\" loading=\"lazy\" class=\"wp-image-134 alignleft\" src=\"http:\/\/104.207.148.242\/greenblog\/wp-content\/uploads\/2018\/01\/FOTO-PADRAO-BRANCO-e1515957449681-250x300.png\" alt=\"\" width=\"218\" height=\"261\" \/>Tendo atuado em empresas privadas e no setor p\u00fablico, John Jackson tem experi\u00eancias na \u00e1rea de suporte e an\u00e1lise de redes e infraestrutura de T.I.. Graduado em an\u00e1lise e desenvolvimento de sistemas, p\u00f3s-graduado MBA profissional em redes de computadores, MBA em Gerenciamento de Projetos de T.I. e diversos certificados em \u00e1reas como virtualiza\u00e7\u00e3o, hiperconverg\u00eancia, Windows, Linux, Redes, Gerenciamento e Projetos. Sempre se profissionalizando para oferecer o melhor servi\u00e7o a seus clientes e alunos anjudando-os da melhor e mais qualificada maneira poss\u00edvel!<\/p>\n<p>&nbsp;<\/p>\n<p style=\"text-align: center;\">Perfil no LinkedIn:\u00a0<a href=\"http:\/\/br.linkedin.com\/in\/jjsouza\" target=\"_blank\" rel=\"noopener noreferrer\">John Jackson Souza<\/a><\/p>\n","protected":false},"excerpt":{"rendered":"<p>O &#8220;GreenIT Blog&#8221; surgiu da necessidade de disseminar conhecimentos e trocar ideias sobre tecnologia da informa\u00e7\u00e3o para empresas, profissionais de TI e entusiastas, assim a cultura de uma TI organizada, limpa, funcional e sobretudo sustent\u00e1vel, n\u00e3o se torna algo indigest\u00edvel ou distante, o conhecimento \u00e9 o nosso maior bem e ele s\u00f3 aumenta quando o [&hellip;]<\/p>\n","protected":false},"author":1,"featured_media":0,"parent":0,"menu_order":0,"comment_status":"closed","ping_status":"closed","template":"","meta":{"footnotes":""},"aioseo_notices":[],"_links":{"self":[{"href":"https:\/\/greenoperations.com.br\/greenblog\/index.php\/wp-json\/wp\/v2\/pages\/22"}],"collection":[{"href":"https:\/\/greenoperations.com.br\/greenblog\/index.php\/wp-json\/wp\/v2\/pages"}],"about":[{"href":"https:\/\/greenoperations.com.br\/greenblog\/index.php\/wp-json\/wp\/v2\/types\/page"}],"author":[{"embeddable":true,"href":"https:\/\/greenoperations.com.br\/greenblog\/index.php\/wp-json\/wp\/v2\/users\/1"}],"replies":[{"embeddable":true,"href":"https:\/\/greenoperations.com.br\/greenblog\/index.php\/wp-json\/wp\/v2\/comments?post=22"}],"version-history":[{"count":11,"href":"https:\/\/greenoperations.com.br\/greenblog\/index.php\/wp-json\/wp\/v2\/pages\/22\/revisions"}],"predecessor-version":[{"id":607,"href":"https:\/\/greenoperations.com.br\/greenblog\/index.php\/wp-json\/wp\/v2\/pages\/22\/revisions\/607"}],"wp:attachment":[{"href":"https:\/\/greenoperations.com.br\/greenblog\/index.php\/wp-json\/wp\/v2\/media?parent=22"}],"curies":[{"name":"wp","href":"https:\/\/api.w.org\/{rel}","templated":true}]}}